{"id":65,"date":"2025-02-04T23:33:27","date_gmt":"2025-02-04T22:33:27","guid":{"rendered":"https:\/\/kudgaliarda.si\/splet\/?page_id=65"},"modified":"2025-02-10T23:13:52","modified_gmt":"2025-02-10T22:13:52","slug":"glasba","status":"publish","type":"page","link":"https:\/\/kudgaliarda.si\/splet\/ponudba\/glasba\/","title":{"rendered":"Glasba"},"content":{"rendered":"\r\n\r\n\r\n\r\n\r\n<p>Na nekaterih plesnih nastopih zaple\u0161emo ob \u017eivi glasbi na\u0161ih \u010dlanic Franziske in Sta\u0161e. Ples ob \u017eivi glasbi je posebno do\u017eivetje za gledalce, \u0161e bolj pa za plesalce. \u017diva glasba je posebna v tem, da je vsaka izvedba zase edinstvena, pa \u010deprav je vedno zaigrana po istih notah.<\/p>\r\n","protected":false},"excerpt":{"rendered":"","protected":false},"author":1,"featured_media":0,"parent":117,"menu_order":0,"comment_status":"closed","ping_status":"closed","template":"","meta":{"_siteseo_robots_primary_cat":"","pagelayer_contact_templates":[],"_pagelayer_content":"","footnotes":""},"class_list":["post-65","page","type-page","status-publish","hentry"],"_links":{"self":[{"href":"https:\/\/kudgaliarda.si\/splet\/wp-json\/wp\/v2\/pages\/65","targetHints":{"allow":["GET"]}}],"collection":[{"href":"https:\/\/kudgaliarda.si\/splet\/wp-json\/wp\/v2\/pages"}],"about":[{"href":"https:\/\/kudgaliarda.si\/splet\/wp-json\/wp\/v2\/types\/page"}],"author":[{"embeddable":true,"href":"https:\/\/kudgaliarda.si\/splet\/wp-json\/wp\/v2\/users\/1"}],"replies":[{"embeddable":true,"href":"https:\/\/kudgaliarda.si\/splet\/wp-json\/wp\/v2\/comments?post=65"}],"version-history":[{"count":3,"href":"https:\/\/kudgaliarda.si\/splet\/wp-json\/wp\/v2\/pages\/65\/revisions"}],"predecessor-version":[{"id":100,"href":"https:\/\/kudgaliarda.si\/splet\/wp-json\/wp\/v2\/pages\/65\/revisions\/100"}],"up":[{"embeddable":true,"href":"https:\/\/kudgaliarda.si\/splet\/wp-json\/wp\/v2\/pages\/117"}],"wp:attachment":[{"href":"https:\/\/kudgaliarda.si\/splet\/wp-json\/wp\/v2\/media?parent=65"}],"curies":[{"name":"wp","href":"https:\/\/api.w.org\/{rel}","templated":true}]}}