{"id":401,"date":"2025-02-17T14:09:43","date_gmt":"2025-02-17T13:09:43","guid":{"rendered":"https:\/\/kudgaliarda.si\/splet\/?page_id=401"},"modified":"2025-04-24T22:24:39","modified_gmt":"2025-04-24T21:24:39","slug":"srednjeveski-dnevi","status":"publish","type":"page","link":"https:\/\/kudgaliarda.si\/splet\/srednjeveski-dnevi\/","title":{"rendered":"Srednjeve\u0161ki dnevi"},"content":{"rendered":"\n\n\n<p><span style=\"font-family: sans-serif, Arial; font-size: 16px; font-style: normal; font-weight: 400;\">KUD Galiarda nastopa po ve\u010djih in manj\u0161ih srednjeve\u0161kih dnevih \u0161irom Slovenije. Na\u0161a osnovana dejavnost je ples, prika\u017eemo pa tudi kaligrafijo ali lepopisje, pe\u010datenje, izdelavo parfumov, starinske igre in pripravo hrane. Srednjeve\u0161ki dnevi so obi\u010dajno celodnevni dogodki, kjer se predstavi ve\u010d skupin &#8211; od me\u010devalcev, plesalcev, igralcev, prodajalcev raznih izdelkov. Vsi se trudimo, da bi ta dan obiskovalcem ostal v lepem spominu.&nbsp;&nbsp;<\/span><\/p>\n\n\n\n<p><span style=\"font-size: 24px; color: rgb(255, 255, 255);\"><span style=\"font-size: 30px;\"><\/span><span style=\"font-size: 36px;\">B<\/span><\/span><\/p><img decoding=\"async\" src=\"https:\/\/kudgaliarda.si\/splet\/wp-content\/uploads\/2025\/02\/Bled-Grad.jpg\"><p><span style=\"font-size: 24px; color: rgb(255, 255, 255);\"><span style=\"font-size: 36px;\">led<\/span><\/span><\/p>\n\n\n<p><font color=\"#ffffff\"><span style=\"font-size: 36px;\">Celje<\/span><\/font><\/p>\n\n\n<p><font color=\"#ffffff\"><span style=\"font-size: 36px;\">Ljubljana<\/span><\/font><\/p>\n\n\n\n\n<p><span style=\"font-size: 24px; color: rgb(255, 255, 255);\"><span style=\"font-size: 30px;\"><\/span><span style=\"font-size: 36px;\">Negova<\/span><\/span><\/p>\n\n\n<p><font color=\"#ffffff\"><span style=\"font-size: 36px;\">Prem<\/span><\/font><\/p>\n\n\n<p><font color=\"#ffffff\"><span style=\"font-size: 36px;\">Vrbovec, Nazarje<\/span><\/font><\/p>\n\n\n\n\n<p><font color=\"#ffffff\"><span style=\"font-size: 36px;\">\u017dovnek<\/span><\/font><\/p>\n\n\n<p><font color=\"#ffffff\"><span style=\"font-size: 36px;\">\u017du\u017eemberk<\/span><\/font><\/p>\n\n\n\n\n\n\n","protected":false},"excerpt":{"rendered":"","protected":false},"author":1,"featured_media":0,"parent":0,"menu_order":0,"comment_status":"closed","ping_status":"closed","template":"","meta":{"_siteseo_robots_primary_cat":"","pagelayer_contact_templates":[],"_pagelayer_content":"","footnotes":""},"class_list":["post-401","page","type-page","status-publish","hentry"],"_links":{"self":[{"href":"https:\/\/kudgaliarda.si\/splet\/wp-json\/wp\/v2\/pages\/401","targetHints":{"allow":["GET"]}}],"collection":[{"href":"https:\/\/kudgaliarda.si\/splet\/wp-json\/wp\/v2\/pages"}],"about":[{"href":"https:\/\/kudgaliarda.si\/splet\/wp-json\/wp\/v2\/types\/page"}],"author":[{"embeddable":true,"href":"https:\/\/kudgaliarda.si\/splet\/wp-json\/wp\/v2\/users\/1"}],"replies":[{"embeddable":true,"href":"https:\/\/kudgaliarda.si\/splet\/wp-json\/wp\/v2\/comments?post=401"}],"version-history":[{"count":16,"href":"https:\/\/kudgaliarda.si\/splet\/wp-json\/wp\/v2\/pages\/401\/revisions"}],"predecessor-version":[{"id":505,"href":"https:\/\/kudgaliarda.si\/splet\/wp-json\/wp\/v2\/pages\/401\/revisions\/505"}],"wp:attachment":[{"href":"https:\/\/kudgaliarda.si\/splet\/wp-json\/wp\/v2\/media?parent=401"}],"curies":[{"name":"wp","href":"https:\/\/api.w.org\/{rel}","templated":true}]}}