{"id":144,"date":"2025-02-06T19:07:49","date_gmt":"2025-02-06T18:07:49","guid":{"rendered":"https:\/\/kudgaliarda.si\/splet\/?page_id=144"},"modified":"2025-04-24T20:50:41","modified_gmt":"2025-04-24T19:50:41","slug":"o-nas","status":"publish","type":"page","link":"https:\/\/kudgaliarda.si\/splet\/","title":{"rendered":"O nas"},"content":{"rendered":"\n\n\n\n\n\r\n<p><span style=\"font-family: sans-serif, Arial; font-size: 16px; font-style: normal; font-weight: 400;\">KUD Galiarda je dru\u0161tvo za obujanje starinskih plesov in glasbe. Obstajamo \u017ee od novembra leta 2001 in danes \u0161tejemo 30 \u010dlanov. Ple\u0161emo plese XV., XVI. in XVII. stoletja. To so predvsem renesan\u010dni plesi iz Italije in Francije ter zgodnji baro\u010dni plesi iz Anglije. Pri tem se trudimo biti \u010dim bolj avtenti\u010dni &#8211; ne le s koreografijami in plesnimi koraki, temve\u010d tudi z oblekami in nastopi.<\/span><\/p>\r\n\n\r\n<p><span style=\"font-family: sans-serif, Arial; font-size: 16px; font-style: normal; font-weight: 400;\">Velika zahvala gre velikim srednjeve\u0161kim plesnim mojstrom, ki so zapisali glasbo in ples, da jih lahko v sodobnem \u010dasu ple\u0161emo na enak na\u010din, kot so jih plesali v preteklosti. Na\u0161e znanje izpopolnjujemo na raznih plesnih festivalih in delavnicah po Sloveniji in Evropi.<\/span><\/p>\r\n\n\r\n<p><span style=\"font-family: sans-serif, Arial; font-size: 16px; font-style: normal; font-weight: 400;\">Ple\u0161emo preko 80 razli\u010dnih plesov. Seveda k vsakem plesu pripada svoja glasba ali melodija.\u00a0<\/span><\/p>\r\n\n\n\n\n\n\r\n<p style=\"font-size: 15px;\"><span style=\"font-family: Tahoma, Geneva, sans-serif;\"><span style=\"color: #9dabaf;\">Nastopamo na ve\u010djih srednjeve\u0161kih dnevih kot so: Bled, Celje, Ljubljana, Negova, Prem, Vrbovec (Nazarje), \u017dovnek in \u017du\u017eemberk<\/span><\/span><\/p>\r\n\n\n\n\r\n<p style=\"font-size: 15px;\"><span style=\"font-family: Tahoma, Geneva, sans-serif;\"><span style=\"color: #9dabaf;\">Z \u017eivo zgodovino predstavljamo srednjeve\u0161ko grajsko \u017eivljenje. Postavimo tabor, v ognji\u0161\u010du zakurimo ogenj, obiskovalcem prika\u017eemo pe\u010datenje, kaligrafijo, starinske igre, ples in hrano.<\/span><\/span><\/p>\r\n\n\n\n\r\n<p style=\"font-size: 15px;\"><span style=\"font-family: Tahoma, Geneva, sans-serif;\"><span style=\"color: #9dabaf;\">Plesni nastopi, obletnice, poroke, grofovski sprejemi, modne revije srednjeve\u0161kih obla\u010dil, sejmi.<\/span><\/span><\/p>\r\n\n\n\n\n\n\r\n<p style=\"font-size: 15px;\"><span style=\"font-family: Tahoma, Geneva, sans-serif;\"><span style=\"color: #9dabaf;\">Izobra\u017eujemo se po Sloveniji in Evropi, skupaj obiskujemo zanimive kraje. \u010ce se kje pojavi prilo\u017enost tudi nastopimo.<\/span><\/span><\/p>\r\n\n\n\n\r\n<p style=\"font-size: 15px;\"><span style=\"font-family: Tahoma, Geneva, sans-serif;\"><span style=\"color: #9dabaf;\">Poleg plesa lahko ponudimo prikaz izdelave parfumov,\u00a0<\/span><\/span><span style=\"font-size: 15px; color: #9dabaf;\">pe\u010datenja, kaligrafije, starinskih iger in hrane.<\/span><\/p>\r\n\n\n\n\r\n<p><span style=\"color: #9dabaf; font-family: Tahoma, Geneva, sans-serif; font-size: 15px; font-style: normal; font-weight: 400;\">video objave, facebook, ipd.\u00a0<\/span><\/p>\r\n\n\n\n\n\n","protected":false},"excerpt":{"rendered":"","protected":false},"author":1,"featured_media":0,"parent":0,"menu_order":0,"comment_status":"closed","ping_status":"closed","template":"","meta":{"_siteseo_robots_primary_cat":"","pagelayer_contact_templates":[],"_pagelayer_content":"","footnotes":""},"class_list":["post-144","page","type-page","status-publish","hentry"],"_links":{"self":[{"href":"https:\/\/kudgaliarda.si\/splet\/wp-json\/wp\/v2\/pages\/144","targetHints":{"allow":["GET"]}}],"collection":[{"href":"https:\/\/kudgaliarda.si\/splet\/wp-json\/wp\/v2\/pages"}],"about":[{"href":"https:\/\/kudgaliarda.si\/splet\/wp-json\/wp\/v2\/types\/page"}],"author":[{"embeddable":true,"href":"https:\/\/kudgaliarda.si\/splet\/wp-json\/wp\/v2\/users\/1"}],"replies":[{"embeddable":true,"href":"https:\/\/kudgaliarda.si\/splet\/wp-json\/wp\/v2\/comments?post=144"}],"version-history":[{"count":23,"href":"https:\/\/kudgaliarda.si\/splet\/wp-json\/wp\/v2\/pages\/144\/revisions"}],"predecessor-version":[{"id":443,"href":"https:\/\/kudgaliarda.si\/splet\/wp-json\/wp\/v2\/pages\/144\/revisions\/443"}],"wp:attachment":[{"href":"https:\/\/kudgaliarda.si\/splet\/wp-json\/wp\/v2\/media?parent=144"}],"curies":[{"name":"wp","href":"https:\/\/api.w.org\/{rel}","templated":true}]}}